{"id":1981,"date":"2021-06-10T15:22:05","date_gmt":"2021-06-10T19:22:05","guid":{"rendered":"https:\/\/centreaction.org\/community-resources\/"},"modified":"2022-08-12T11:26:17","modified_gmt":"2022-08-12T15:26:17","slug":"ressources-communautaires","status":"publish","type":"page","link":"https:\/\/centreaction.org\/fr\/ressources-communautaires\/","title":{"rendered":"Ressources communautaires"},"content":{"rendered":"\t\t<div data-elementor-type=\"wp-page\" data-elementor-id=\"1981\" class=\"elementor elementor-1981 elementor-1593\" data-elementor-post-type=\"page\">\n\t\t\t\t\t\t<section class=\"elementor-section elementor-top-section elementor-element elementor-element-3fabe11 elementor-section-height-min-height elementor-section-boxed elementor-section-height-default elementor-section-items-middle\" data-id=\"3fabe11\" data-element_type=\"section\" data-settings=\"{&quot;jet_parallax_layout_list&quot;:[{&quot;jet_parallax_layout_image&quot;:{&quot;url&quot;:&quot;&quot;,&quot;id&quot;:&quot;&quot;,&quot;size&quot;:&quot;&quot;},&quot;_id&quot;:&quot;31301a2&quot;,&quot;jet_parallax_layout_image_tablet&quot;:{&quot;url&quot;:&quot;&quot;,&quot;id&quot;:&quot;&quot;,&quot;size&quot;:&quot;&quot;},&quot;jet_parallax_layout_image_mobile&quot;:{&quot;url&quot;:&quot;&quot;,&quot;id&quot;:&quot;&quot;,&quot;size&quot;:&quot;&quot;},&quot;jet_parallax_layout_speed&quot;:{&quot;unit&quot;:&quot;%&quot;,&quot;size&quot;:50,&quot;sizes&quot;:[]},&quot;jet_parallax_layout_type&quot;:&quot;scroll&quot;,&quot;jet_parallax_layout_direction&quot;:&quot;1&quot;,&quot;jet_parallax_layout_fx_direction&quot;:null,&quot;jet_parallax_layout_z_index&quot;:&quot;&quot;,&quot;jet_parallax_layout_bg_x&quot;:50,&quot;jet_parallax_layout_bg_x_tablet&quot;:&quot;&quot;,&quot;jet_parallax_layout_bg_x_mobile&quot;:&quot;&quot;,&quot;jet_parallax_layout_bg_y&quot;:50,&quot;jet_parallax_layout_bg_y_tablet&quot;:&quot;&quot;,&quot;jet_parallax_layout_bg_y_mobile&quot;:&quot;&quot;,&quot;jet_parallax_layout_bg_size&quot;:&quot;auto&quot;,&quot;jet_parallax_layout_bg_size_tablet&quot;:&quot;&quot;,&quot;jet_parallax_layout_bg_size_mobile&quot;:&quot;&quot;,&quot;jet_parallax_layout_animation_prop&quot;:&quot;transform&quot;,&quot;jet_parallax_layout_on&quot;:[&quot;desktop&quot;,&quot;tablet&quot;]}],&quot;background_background&quot;:&quot;classic&quot;}\">\n\t\t\t\t\t\t<div class=\"elementor-container elementor-column-gap-default\">\n\t\t\t\t\t<div class=\"elementor-column elementor-col-100 elementor-top-column elementor-element elementor-element-311bab1\" data-id=\"311bab1\" data-element_type=\"column\">\n\t\t\t<div class=\"elementor-widget-wrap elementor-element-populated\">\n\t\t\t\t\t\t<div class=\"elementor-element elementor-element-9e51172 elementor-widget elementor-widget-heading\" data-id=\"9e51172\" data-element_type=\"widget\" data-widget_type=\"heading.default\">\n\t\t\t\t<div class=\"elementor-widget-container\">\n\t\t\t\t\t<h1 class=\"elementor-heading-title elementor-size-default\">Ressources communautaires<\/h1>\t\t\t\t<\/div>\n\t\t\t\t<\/div>\n\t\t\t\t\t<\/div>\n\t\t<\/div>\n\t\t\t\t\t<\/div>\n\t\t<\/section>\n\t\t\t\t<section class=\"elementor-section elementor-top-section elementor-element elementor-element-7adb7d1 pv50 elementor-section-boxed elementor-section-height-default elementor-section-height-default\" data-id=\"7adb7d1\" data-element_type=\"section\" data-settings=\"{&quot;jet_parallax_layout_list&quot;:[{&quot;jet_parallax_layout_image&quot;:{&quot;url&quot;:&quot;&quot;,&quot;id&quot;:&quot;&quot;,&quot;size&quot;:&quot;&quot;},&quot;_id&quot;:&quot;620444d&quot;,&quot;jet_parallax_layout_image_tablet&quot;:{&quot;url&quot;:&quot;&quot;,&quot;id&quot;:&quot;&quot;,&quot;size&quot;:&quot;&quot;},&quot;jet_parallax_layout_image_mobile&quot;:{&quot;url&quot;:&quot;&quot;,&quot;id&quot;:&quot;&quot;,&quot;size&quot;:&quot;&quot;},&quot;jet_parallax_layout_speed&quot;:{&quot;unit&quot;:&quot;%&quot;,&quot;size&quot;:50,&quot;sizes&quot;:[]},&quot;jet_parallax_layout_type&quot;:&quot;scroll&quot;,&quot;jet_parallax_layout_direction&quot;:&quot;1&quot;,&quot;jet_parallax_layout_fx_direction&quot;:null,&quot;jet_parallax_layout_z_index&quot;:&quot;&quot;,&quot;jet_parallax_layout_bg_x&quot;:50,&quot;jet_parallax_layout_bg_x_tablet&quot;:&quot;&quot;,&quot;jet_parallax_layout_bg_x_mobile&quot;:&quot;&quot;,&quot;jet_parallax_layout_bg_y&quot;:50,&quot;jet_parallax_layout_bg_y_tablet&quot;:&quot;&quot;,&quot;jet_parallax_layout_bg_y_mobile&quot;:&quot;&quot;,&quot;jet_parallax_layout_bg_size&quot;:&quot;auto&quot;,&quot;jet_parallax_layout_bg_size_tablet&quot;:&quot;&quot;,&quot;jet_parallax_layout_bg_size_mobile&quot;:&quot;&quot;,&quot;jet_parallax_layout_animation_prop&quot;:&quot;transform&quot;,&quot;jet_parallax_layout_on&quot;:[&quot;desktop&quot;,&quot;tablet&quot;]}],&quot;background_background&quot;:&quot;classic&quot;}\">\n\t\t\t\t\t\t<div class=\"elementor-container elementor-column-gap-default\">\n\t\t\t\t\t<div class=\"elementor-column elementor-col-100 elementor-top-column elementor-element elementor-element-7bea151\" data-id=\"7bea151\" data-element_type=\"column\">\n\t\t\t<div class=\"elementor-widget-wrap elementor-element-populated\">\n\t\t\t\t\t\t<div class=\"elementor-element elementor-element-6638d8c width-50 elementor-widget elementor-widget-text-editor\" data-id=\"6638d8c\" data-element_type=\"widget\" data-widget_type=\"text-editor.default\">\n\t\t\t\t<div class=\"elementor-widget-container\">\n\t\t\t\t\t\t\t\t\t<p>Vous trouverez ci-dessous des liens vers des articles scientifiques, des ressources communautaires suppl\u00e9mentaires et d&rsquo;autres organisations de la r\u00e9gion partageant les m\u00eames id\u00e9es.<\/p>\t\t\t\t\t\t\t\t<\/div>\n\t\t\t\t<\/div>\n\t\t\t\t<div class=\"elementor-element elementor-element-5be64c6 elementor-align-center elementor-icon-list--layout-traditional elementor-list-item-link-full_width elementor-widget elementor-widget-icon-list\" data-id=\"5be64c6\" data-element_type=\"widget\" data-widget_type=\"icon-list.default\">\n\t\t\t\t<div class=\"elementor-widget-container\">\n\t\t\t\t\t\t\t<ul class=\"elementor-icon-list-items\">\n\t\t\t\t\t\t\t<li class=\"elementor-icon-list-item\">\n\t\t\t\t\t\t\t\t\t\t\t<a href=\"https:\/\/ciusss-ouestmtl.gouv.qc.ca\/accueil\/?tx_lbocal_calendar%5Bmonth%5D=11&#038;tx_lbocal_calendar%5Byear%5D=2013&#038;tx_lbocal_calendar%5Bcontroller%5D=Calendar\" target=\"_blank\">\n\n\t\t\t\t\t\t\t\t\t\t\t\t<span class=\"elementor-icon-list-icon\">\n\t\t\t\t\t\t\t<i aria-hidden=\"true\" class=\"fas fa-link\"><\/i>\t\t\t\t\t\t<\/span>\n\t\t\t\t\t\t\t\t\t\t<span class=\"elementor-icon-list-text\">CIUSS Montr\u00e9al<\/span>\n\t\t\t\t\t\t\t\t\t\t\t<\/a>\n\t\t\t\t\t\t\t\t\t<\/li>\n\t\t\t\t\t\t\t\t<li class=\"elementor-icon-list-item\">\n\t\t\t\t\t\t\t\t\t\t\t<a href=\"https:\/\/www.cdc.gov\/library\/covid19\/12172021_covidupdate.html\">\n\n\t\t\t\t\t\t\t\t\t\t\t\t<span class=\"elementor-icon-list-icon\">\n\t\t\t\t\t\t\t<i aria-hidden=\"true\" class=\"far fa-link\"><\/i>\t\t\t\t\t\t<\/span>\n\t\t\t\t\t\t\t\t\t\t<span class=\"elementor-icon-list-text\">Covid-19\/ Mises \u00e0 jour <\/span>\n\t\t\t\t\t\t\t\t\t\t\t<\/a>\n\t\t\t\t\t\t\t\t\t<\/li>\n\t\t\t\t\t\t<\/ul>\n\t\t\t\t\t\t<\/div>\n\t\t\t\t<\/div>\n\t\t\t\t\t<\/div>\n\t\t<\/div>\n\t\t\t\t\t<\/div>\n\t\t<\/section>\n\t\t\t\t<\/div>\n\t\t","protected":false},"excerpt":{"rendered":"<p>Ressources communautaires Vous trouverez ci-dessous des liens vers des articles scientifiques, des ressources communautaires suppl\u00e9mentaires et d&rsquo;autres organisations de la r\u00e9gion partageant les m\u00eames id\u00e9es. CIUSS Montr\u00e9al Covid-19\/ Mises \u00e0 jour<\/p>\n","protected":false},"author":1,"featured_media":1599,"parent":0,"menu_order":0,"comment_status":"closed","ping_status":"closed","template":"elementor_header_footer","meta":{"_acf_changed":false,"footnotes":""},"class_list":["post-1981","page","type-page","status-publish","has-post-thumbnail","hentry"],"acf":[],"yoast_head":"<!-- This site is optimized with the Yoast SEO plugin v26.8 - https:\/\/yoast.com\/product\/yoast-seo-wordpress\/ -->\n<title>Ressources communautaires - Centre Action<\/title>\n<meta name=\"robots\" content=\"index, follow, max-snippet:-1, max-image-preview:large, max-video-preview:-1\" \/>\n<link rel=\"canonical\" href=\"https:\/\/centreaction.org\/fr\/ressources-communautaires\/\" \/>\n<meta property=\"og:locale\" content=\"fr_FR\" \/>\n<meta property=\"og:type\" content=\"article\" \/>\n<meta property=\"og:title\" content=\"Ressources communautaires - Centre Action\" \/>\n<meta property=\"og:description\" content=\"Ressources communautaires Vous trouverez ci-dessous des liens vers des articles scientifiques, des ressources communautaires suppl\u00e9mentaires et d&rsquo;autres organisations de la r\u00e9gion partageant les m\u00eames id\u00e9es. CIUSS Montr\u00e9al Covid-19\/ Mises \u00e0 jour\" \/>\n<meta property=\"og:url\" content=\"https:\/\/centreaction.org\/fr\/ressources-communautaires\/\" \/>\n<meta property=\"og:site_name\" content=\"Centre Action\" \/>\n<meta property=\"article:modified_time\" content=\"2022-08-12T15:26:17+00:00\" \/>\n<meta property=\"og:image\" content=\"https:\/\/centreaction.org\/wp-content\/uploads\/2021\/06\/header-commmunity.jpg\" \/>\n\t<meta property=\"og:image:width\" content=\"1920\" \/>\n\t<meta property=\"og:image:height\" content=\"479\" \/>\n\t<meta property=\"og:image:type\" content=\"image\/jpeg\" \/>\n<meta name=\"twitter:card\" content=\"summary_large_image\" \/>\n<meta name=\"twitter:label1\" content=\"Dur\u00e9e de lecture estim\u00e9e\" \/>\n\t<meta name=\"twitter:data1\" content=\"1 minute\" \/>\n<script type=\"application\/ld+json\" class=\"yoast-schema-graph\">{\"@context\":\"https:\/\/schema.org\",\"@graph\":[{\"@type\":\"WebPage\",\"@id\":\"https:\/\/centreaction.org\/fr\/ressources-communautaires\/\",\"url\":\"https:\/\/centreaction.org\/fr\/ressources-communautaires\/\",\"name\":\"Ressources communautaires - Centre Action\",\"isPartOf\":{\"@id\":\"https:\/\/centreaction.org\/#website\"},\"primaryImageOfPage\":{\"@id\":\"https:\/\/centreaction.org\/fr\/ressources-communautaires\/#primaryimage\"},\"image\":{\"@id\":\"https:\/\/centreaction.org\/fr\/ressources-communautaires\/#primaryimage\"},\"thumbnailUrl\":\"https:\/\/centreaction.org\/wp-content\/uploads\/2021\/06\/header-commmunity.jpg\",\"datePublished\":\"2021-06-10T19:22:05+00:00\",\"dateModified\":\"2022-08-12T15:26:17+00:00\",\"breadcrumb\":{\"@id\":\"https:\/\/centreaction.org\/fr\/ressources-communautaires\/#breadcrumb\"},\"inLanguage\":\"fr-FR\",\"potentialAction\":[{\"@type\":\"ReadAction\",\"target\":[\"https:\/\/centreaction.org\/fr\/ressources-communautaires\/\"]}]},{\"@type\":\"ImageObject\",\"inLanguage\":\"fr-FR\",\"@id\":\"https:\/\/centreaction.org\/fr\/ressources-communautaires\/#primaryimage\",\"url\":\"https:\/\/centreaction.org\/wp-content\/uploads\/2021\/06\/header-commmunity.jpg\",\"contentUrl\":\"https:\/\/centreaction.org\/wp-content\/uploads\/2021\/06\/header-commmunity.jpg\",\"width\":1920,\"height\":479},{\"@type\":\"BreadcrumbList\",\"@id\":\"https:\/\/centreaction.org\/fr\/ressources-communautaires\/#breadcrumb\",\"itemListElement\":[{\"@type\":\"ListItem\",\"position\":1,\"name\":\"Accueil\",\"item\":\"https:\/\/centreaction.org\/fr\/\"},{\"@type\":\"ListItem\",\"position\":2,\"name\":\"Ressources communautaires\"}]},{\"@type\":\"WebSite\",\"@id\":\"https:\/\/centreaction.org\/#website\",\"url\":\"https:\/\/centreaction.org\/\",\"name\":\"Centre Action\",\"description\":\"Bilingual Centre for Physically Challenged in Montreal\",\"publisher\":{\"@id\":\"https:\/\/centreaction.org\/#organization\"},\"potentialAction\":[{\"@type\":\"SearchAction\",\"target\":{\"@type\":\"EntryPoint\",\"urlTemplate\":\"https:\/\/centreaction.org\/?s={search_term_string}\"},\"query-input\":{\"@type\":\"PropertyValueSpecification\",\"valueRequired\":true,\"valueName\":\"search_term_string\"}}],\"inLanguage\":\"fr-FR\"},{\"@type\":\"Organization\",\"@id\":\"https:\/\/centreaction.org\/#organization\",\"name\":\"Action Centre\",\"url\":\"https:\/\/centreaction.org\/\",\"logo\":{\"@type\":\"ImageObject\",\"inLanguage\":\"fr-FR\",\"@id\":\"https:\/\/centreaction.org\/#\/schema\/logo\/image\/\",\"url\":\"https:\/\/centreaction.org\/wp-content\/uploads\/2020\/05\/Centre-action-logo.svg\",\"contentUrl\":\"https:\/\/centreaction.org\/wp-content\/uploads\/2020\/05\/Centre-action-logo.svg\",\"width\":302,\"height\":88,\"caption\":\"Action Centre\"},\"image\":{\"@id\":\"https:\/\/centreaction.org\/#\/schema\/logo\/image\/\"}}]}<\/script>\n<!-- \/ Yoast SEO plugin. -->","yoast_head_json":{"title":"Ressources communautaires - Centre Action","robots":{"index":"index","follow":"follow","max-snippet":"max-snippet:-1","max-image-preview":"max-image-preview:large","max-video-preview":"max-video-preview:-1"},"canonical":"https:\/\/centreaction.org\/fr\/ressources-communautaires\/","og_locale":"fr_FR","og_type":"article","og_title":"Ressources communautaires - Centre Action","og_description":"Ressources communautaires Vous trouverez ci-dessous des liens vers des articles scientifiques, des ressources communautaires suppl\u00e9mentaires et d&rsquo;autres organisations de la r\u00e9gion partageant les m\u00eames id\u00e9es. CIUSS Montr\u00e9al Covid-19\/ Mises \u00e0 jour","og_url":"https:\/\/centreaction.org\/fr\/ressources-communautaires\/","og_site_name":"Centre Action","article_modified_time":"2022-08-12T15:26:17+00:00","og_image":[{"width":1920,"height":479,"url":"https:\/\/centreaction.org\/wp-content\/uploads\/2021\/06\/header-commmunity.jpg","type":"image\/jpeg"}],"twitter_card":"summary_large_image","twitter_misc":{"Dur\u00e9e de lecture estim\u00e9e":"1 minute"},"schema":{"@context":"https:\/\/schema.org","@graph":[{"@type":"WebPage","@id":"https:\/\/centreaction.org\/fr\/ressources-communautaires\/","url":"https:\/\/centreaction.org\/fr\/ressources-communautaires\/","name":"Ressources communautaires - Centre Action","isPartOf":{"@id":"https:\/\/centreaction.org\/#website"},"primaryImageOfPage":{"@id":"https:\/\/centreaction.org\/fr\/ressources-communautaires\/#primaryimage"},"image":{"@id":"https:\/\/centreaction.org\/fr\/ressources-communautaires\/#primaryimage"},"thumbnailUrl":"https:\/\/centreaction.org\/wp-content\/uploads\/2021\/06\/header-commmunity.jpg","datePublished":"2021-06-10T19:22:05+00:00","dateModified":"2022-08-12T15:26:17+00:00","breadcrumb":{"@id":"https:\/\/centreaction.org\/fr\/ressources-communautaires\/#breadcrumb"},"inLanguage":"fr-FR","potentialAction":[{"@type":"ReadAction","target":["https:\/\/centreaction.org\/fr\/ressources-communautaires\/"]}]},{"@type":"ImageObject","inLanguage":"fr-FR","@id":"https:\/\/centreaction.org\/fr\/ressources-communautaires\/#primaryimage","url":"https:\/\/centreaction.org\/wp-content\/uploads\/2021\/06\/header-commmunity.jpg","contentUrl":"https:\/\/centreaction.org\/wp-content\/uploads\/2021\/06\/header-commmunity.jpg","width":1920,"height":479},{"@type":"BreadcrumbList","@id":"https:\/\/centreaction.org\/fr\/ressources-communautaires\/#breadcrumb","itemListElement":[{"@type":"ListItem","position":1,"name":"Accueil","item":"https:\/\/centreaction.org\/fr\/"},{"@type":"ListItem","position":2,"name":"Ressources communautaires"}]},{"@type":"WebSite","@id":"https:\/\/centreaction.org\/#website","url":"https:\/\/centreaction.org\/","name":"Centre Action","description":"Bilingual Centre for Physically Challenged in Montreal","publisher":{"@id":"https:\/\/centreaction.org\/#organization"},"potentialAction":[{"@type":"SearchAction","target":{"@type":"EntryPoint","urlTemplate":"https:\/\/centreaction.org\/?s={search_term_string}"},"query-input":{"@type":"PropertyValueSpecification","valueRequired":true,"valueName":"search_term_string"}}],"inLanguage":"fr-FR"},{"@type":"Organization","@id":"https:\/\/centreaction.org\/#organization","name":"Action Centre","url":"https:\/\/centreaction.org\/","logo":{"@type":"ImageObject","inLanguage":"fr-FR","@id":"https:\/\/centreaction.org\/#\/schema\/logo\/image\/","url":"https:\/\/centreaction.org\/wp-content\/uploads\/2020\/05\/Centre-action-logo.svg","contentUrl":"https:\/\/centreaction.org\/wp-content\/uploads\/2020\/05\/Centre-action-logo.svg","width":302,"height":88,"caption":"Action Centre"},"image":{"@id":"https:\/\/centreaction.org\/#\/schema\/logo\/image\/"}}]}},"_links":{"self":[{"href":"https:\/\/centreaction.org\/fr\/wp-json\/wp\/v2\/pages\/1981","targetHints":{"allow":["GET"]}}],"collection":[{"href":"https:\/\/centreaction.org\/fr\/wp-json\/wp\/v2\/pages"}],"about":[{"href":"https:\/\/centreaction.org\/fr\/wp-json\/wp\/v2\/types\/page"}],"author":[{"embeddable":true,"href":"https:\/\/centreaction.org\/fr\/wp-json\/wp\/v2\/users\/1"}],"replies":[{"embeddable":true,"href":"https:\/\/centreaction.org\/fr\/wp-json\/wp\/v2\/comments?post=1981"}],"version-history":[{"count":20,"href":"https:\/\/centreaction.org\/fr\/wp-json\/wp\/v2\/pages\/1981\/revisions"}],"predecessor-version":[{"id":3171,"href":"https:\/\/centreaction.org\/fr\/wp-json\/wp\/v2\/pages\/1981\/revisions\/3171"}],"wp:featuredmedia":[{"embeddable":true,"href":"https:\/\/centreaction.org\/fr\/wp-json\/wp\/v2\/media\/1599"}],"wp:attachment":[{"href":"https:\/\/centreaction.org\/fr\/wp-json\/wp\/v2\/media?parent=1981"}],"curies":[{"name":"wp","href":"https:\/\/api.w.org\/{rel}","templated":true}]}}